{"id":850,"date":"2020-10-21T12:28:01","date_gmt":"2020-10-21T10:28:01","guid":{"rendered":"https:\/\/www.eledia.org\/eledia-unitn\/?page_id=850"},"modified":"2025-11-06T22:40:19","modified_gmt":"2025-11-06T21:40:19","slug":"conferences-workshops","status":"publish","type":"page","link":"https:\/\/www.eledia.org\/eledia-unitn\/conferences-workshops\/","title":{"rendered":"Conferences &#038; Workshops"},"content":{"rendered":"\t\t<div data-elementor-type=\"wp-page\" data-elementor-id=\"850\" class=\"elementor elementor-850\" data-elementor-settings=\"[]\">\n\t\t\t\t\t\t<div class=\"elementor-inner\">\n\t\t\t\t\t\t\t<div class=\"elementor-section-wrap\">\n\t\t\t\t\t\t\t<section class=\"elementor-section elementor-top-section elementor-element elementor-element-eafe04d elementor-section-boxed elementor-section-height-default elementor-section-height-default\" data-id=\"eafe04d\" data-element_type=\"section\">\n\t\t\t\t\t\t<div class=\"elementor-container elementor-column-gap-default\">\n\t\t\t\t\t\t\t<div class=\"elementor-row\">\n\t\t\t\t\t<div class=\"elementor-column elementor-col-66 elementor-top-column elementor-element elementor-element-5198105\" data-id=\"5198105\" data-element_type=\"column\">\n\t\t\t<div class=\"elementor-column-wrap elementor-element-populated\">\n\t\t\t\t\t\t\t<div class=\"elementor-widget-wrap\">\n\t\t\t\t\t\t<div class=\"elementor-element elementor-element-58caa73 elementor-widget elementor-widget-shortcode\" data-id=\"58caa73\" data-element_type=\"widget\" data-widget_type=\"shortcode.default\">\n\t\t\t\t<div class=\"elementor-widget-container\">\n\t\t\t\t\t<div class=\"elementor-shortcode\"><ul class=\"list-unstyled auth-deff_timeline\">\r\n               <li class=\"lst_events_item\">\r\n               <div class=\"time-span\">\r\n                   <div class=\"post-image event-thumb-img\" style=\"\">\r\n                       <img decoding=\"async\" src=\"https:\/\/www.eledia.org\/eledia-unitn\/wp-content\/uploads\/2023\/02\/EuCAP.2023.png\" >\r\n\t\t    <\/div>\r\n               <\/div>\r\n               <div class=\"timeline-meta\">\r\n                   <a href=\"https:\/\/www.eledia.org\/eledia-unitn\/sciencex_event\/quantum-electromagnetics-for-antennas-and-propagation\/\">\r\n                       <h3 class=\"staff-title\">Quantum Electromagnetics for Antennas and Propagation<\/h3>\r\n                    <\/a>\r\n                    <div class=\"__time\"><span style=\"font-weight: bold;\">Date:  <\/span> March 30, 2023<\/div>\r\n                    <div class=\"__type\"><span style=\"font-weight: bold;\">Type:  <\/span> Conferences & Workshops<\/div>\r\n                                        <div class=\"__loc\"><span>Location:  <\/span> Florence, Italy<\/div>\r\n                    <!--<p class=\"meta-text\">\n<p>The 17th European Conference on Antennas and Propagation (EuCAP)<\/p>\n\n\n\n<p>There is currently an explosive advancement in quantum information processing technology that<br>has the potential to revolutionize society through the use of quantum computers, quantum<br>communication systems, and quantum sensors that can outperform the best classical technologies.<br>Antenna and propagation technologies are no exception, with many longstanding challenges<br>potentially becoming addressable using these new quantum technologies. Further, because these<br>emerging devices significantly involve electromagnetic effects there is an important role that<br>classically-trained electromagnetic engineers can play in making these quantum technologies a<br>reality. This workshop aims at looking at both sides of this emerging technology space. Starting<br>from a talk presenting the fundamentals of quantum theory, so building a description of the<br>quantization of electromagnetic fields, the following talks will present recent contributions on<br>quantum array antennas, quantum radar, up to the use of different types of quantum computers to<br>solve electromagnetic optimization problems for antennas and propagation.<\/p>\n\n\n\n<h2 class=\"wp-block-heading\">Workshop Outline<\/h2>\n\n\n\n<p>The workshop will include 6 talks over two time slots of 1hr 40mins each. Each part will include a first talk of 40mins followed by two talks of 30mins. The first talk of each part will be characterized by more basic\/tutorial contents. More specifically, the proposed workshop will be organized as follows:<br>Slot #1<\/p>\n\n\n\n<ul class=\"wp-block-list\"><li>Prof. Weng C. CHEW (40mins): \u201cQuantum Electromagnetics\u201d<\/li><li>Prof. Amir BOAG (30mins): \u201cQuantum Array Antennas\u201d<\/li><li>Prof. Luis Enrique GARCIA MU\u00d1OZ (30mins): \u201cQuantum Radar\u201d<\/li><\/ul>\n\n\n\n<p>Slot #2<\/p>\n\n\n\n<ul class=\"wp-block-list\" id=\"block-a58d593e-7885-4b0e-8c56-1989b5d5c536\"><li>Prof. Paolo ROCCA (40mins): \u201cFrom Qubits to Quantum Algorithms for Antennas and Propagation\u201d<\/li><li>Prof. Gabriele GRADONI (30mins): \u201cQuantum Annealing for Reconfigurable Intelligent Surfaces\u201d<\/li><li>Prof. Thomas ROTH (30mins): \u201cElectromagnetic Fields for Superconducting Qubits Control\u201d<\/li><\/ul>\n\n\n\n<p><\/p>\n-->\r\n                 <\/div>\r\n           <\/li>\r\n                  <li class=\"lst_events_item\">\r\n               <div class=\"time-span\">\r\n                   <div class=\"post-image event-thumb-img\" style=\"\">\r\n                       <img decoding=\"async\" src=\"https:\/\/www.eledia.org\/eledia-unitn\/wp-content\/uploads\/2023\/03\/EuCAP.2023-1.png\" >\r\n\t\t    <\/div>\r\n               <\/div>\r\n               <div class=\"timeline-meta\">\r\n                   <a href=\"https:\/\/www.eledia.org\/eledia-unitn\/sciencex_event\/the-evolution-of-smart-wireless-environments-research-and-industrial-perspectives\/\">\r\n                       <h3 class=\"staff-title\">EuCAP Perspectives 2023: The Evolution of Smart Wireless Environments \u2013 Research and Industrial Perspectives<\/h3>\r\n                    <\/a>\r\n                    <div class=\"__time\"><span style=\"font-weight: bold;\">Date:  <\/span> March 29, 2023<\/div>\r\n                    <div class=\"__type\"><span style=\"font-weight: bold;\">Type:  <\/span> Conferences & Workshops<\/div>\r\n                                        <div class=\"__loc\"><span>Location:  <\/span> Florence, Italy<\/div>\r\n                    <!--<p class=\"meta-text\">\n<p>Smart Wireless Environment technologies (including static passive EM skins, reconfigurable passive EM skins or reconfigurable intelligent surfaces, smart repeaters, etc.) are recently emerging as key enable components of next-generation communication systems. The growing interest in such technologies from the academic and industrial viewpoint is motivated by the fundamental promise of the Smart Wireless Environment vision, which is the possibility to manipulate the propagation of complex environments according to the communications system needs.<\/p>\n\n\n\n<p>This workshop will be aimed at providing a broad and multi-disciplinary view on the current trends, the ongoing initiatives, and the research and industrial perspectives in the field.<\/p>\n\n\n\n<h2 class=\"wp-block-heading\">List of Talks<\/h2>\n\n\n\n<ul class=\"wp-block-list\"><li>ALEXIOU Angeliki, University of Piraeus, Greece (<a href=\"mailto:alexiou@unipi.gr\">alexiou@unipi.gr<\/a>)<\/li><li>BILOTTI Filiberto, University of Roma TRE, Italy (<a href=\"mailto:filiberto.bilotti@uniroma3.it\">filiberto.bilotti@uniroma3.it<\/a>)<\/li><li>OLIVERI Giacomo, University of Trento, Italy (<a href=\"mailto:giacomo.oliveri@unitn.it\">giacomo.oliveri@unitn.it<\/a>)<\/li><li>DI RENZO Marco, CentraleSup\u00e9lec and CNRS, France (<a href=\"mailto:marco.direnzo@centralesupelec.fr\">marco.direnzo@centralesupelec.fr<\/a>)<\/li><li>CUI Tie Jun, Southeast University, China (<a href=\"mailto:tjcui@seu.edu.cn\">tjcui@seu.edu.cn<\/a>)<\/li><li>LOMBARDI Renato, HUAWEI Technologies, Italy (<a href=\"mailto:renato.lombardi@huawei.com\">renato.lombardi@huawei.com<\/a>)<\/li><li>MACI Stefano, University of Siena, Italy (<a href=\"mailto:macis@dii.unisi.it\">macis@dii.unisi.it<\/a>)<\/li><li>RATAJCZAK Philippe, Orange, France (<a href=\"mailto:philippe.ratajczak@orange.com\">philippe.ratajczak@orange.com<\/a>)<\/li><li>SCIANCALEPORE Vincenzo, NEC, Germany (<a href=\"mailto:vincenzo.sciancalepore@neclab.eu\">vincenzo.sciancalepore@neclab.eu<\/a>)<\/li><li>TRETYAKOV Sergei, Aalto University, Finland (<a href=\"mailto:sergei.tretyakov@aalto.fi\">sergei.tretyakov@aalto.fi<\/a>)<\/li><\/ul>\n\n\n\n<h2 class=\"wp-block-heading\">Workshop Organizers<\/h2>\n\n\n\n<p>BILOTTI Filiberto<br>Universit\u00e0 di Roma TRE, Italy<br><a href=\"mailto:filiberto.bilotti@uniroma3.it\">filiberto.bilotti@uniroma3.it<\/a><br><br>DI RENZO Marco<br>CNRS &amp; CentraleSupelec &#8211; Paris-Saclay University, France<br><a href=\"mailto:marco.direnzo@centralesupelec.fr\">marco.direnzo@centralesupelec.fr<\/a><br><br>OLIVERI Giacomo<br>ELEDIA Research Center (ELEDIA@UniTN), University of Trento, Italy<br><a href=\"mailto:giacomo.oliveri@unitn.it\">giacomo.oliveri@unitn.it<\/a><\/p>\n\n\n\n<p>\u200b<\/p>\n\n\n\n<p>Download the&nbsp;<a href=\"https:\/\/www.eucap2023.org\/_files\/ugd\/001042_8cefbf017539445b8fea186cbade369d.pdf\" target=\"_blank\" rel=\"noreferrer noopener\"><strong>EuCAP Perspectives 2023 Flyer<\/strong><\/a><\/p>\n-->\r\n                 <\/div>\r\n           <\/li>\r\n                  <li class=\"lst_events_item\">\r\n               <div class=\"time-span\">\r\n                   <div class=\"post-image event-thumb-img\" style=\"\">\r\n                       <img decoding=\"async\" src=\"https:\/\/www.eledia.org\/eledia-unitn\/wp-content\/uploads\/2023\/02\/ICOP.png\" >\r\n\t\t    <\/div>\r\n               <\/div>\r\n               <div class=\"timeline-meta\">\r\n                   <a href=\"https:\/\/www.eledia.org\/eledia-unitn\/sciencex_event\/icop-2022-italian-conference-on-optics-and-photonics\/\">\r\n                       <h3 class=\"staff-title\">ICOP 2022 &#8211; Italian Conference on Optics and Photonics<\/h3>\r\n                    <\/a>\r\n                    <div class=\"__time\"><span style=\"font-weight: bold;\">Date:  <\/span> June 15, 2022<\/div>\r\n                    <div class=\"__type\"><span style=\"font-weight: bold;\">Type:  <\/span> Conferences & Workshops<\/div>\r\n                                        <div class=\"__loc\"><span>Location:  <\/span> Trento, Italy<\/div>\r\n                    <!--<p class=\"meta-text\">\n<p>ICOP 2022 is a 3-day event featuring plenary, parallel, and poster sessions on the leading edge research in the fields of optics, photonics, and quantum science and technology.<\/p>\n\n\n\n<p>Find out more information:\u00a0<a href=\"http:\/\/icop2022.it\/\" rel=\"noopener\">icop2022.it<\/a><\/p>\n\n\n\n<p><strong>Date<\/strong>: June 15-17, 2022<\/p>\n\n\n\n<p><strong>Venue<\/strong>: University of Trento, Polo Scientifico e Tecnologico \u201cFabio Ferrari\u201d, Via Sommarive 9, 38123 Povo, Trento, Italy<\/p>\n-->\r\n                 <\/div>\r\n           <\/li>\r\n                  <li class=\"lst_events_item\">\r\n               <div class=\"time-span\">\r\n                   <div class=\"post-image event-thumb-img\" style=\"\">\r\n                       <img decoding=\"async\" src=\"https:\/\/www.eledia.org\/eledia-unitn\/wp-content\/uploads\/2020\/11\/iwmbd2017.RESIZED.CROPPED-1.jpg\" >\r\n\t\t    <\/div>\r\n               <\/div>\r\n               <div class=\"timeline-meta\">\r\n                   <a href=\"https:\/\/www.eledia.org\/eledia-unitn\/sciencex_event\/international-workshop-on-metamaterial-by-design-2017-iwmbd-2017\/\">\r\n                       <h3 class=\"staff-title\">Third International Workshop on Metamaterial-by-Design (IWMbD 2017)<\/h3>\r\n                    <\/a>\r\n                    <div class=\"__time\"><span style=\"font-weight: bold;\">Date:  <\/span> December 14, 2017<\/div>\r\n                    <div class=\"__type\"><span style=\"font-weight: bold;\">Type:  <\/span> Conferences & Workshops<\/div>\r\n                                        <div class=\"__type event-speaker\">\r\n                        <span style='font-weight: bold;'>General Chair(s): <\/span>                        Prof. Giacomo OLIVERI, Prof. Eva RAJO-IGLESIAS                    <\/div>\r\n                                        <div class=\"__loc\"><span>Location:  <\/span> Madrid, Spain<\/div>\r\n                    <!--<p class=\"meta-text\">\n<p>The objective of the Third International Workshop on Metamaterials-by-Design (IWMbD2017) is to present a comprehensive overview of the latest advances and emerging trends in the theory, methods, and applications of the Material-by-Design paradigm and to highlight the current status and the envisaged frontiers in this research area.<\/p>\n\n\n\n<p>The topics of main interest will include, but will not be limited to, task-oriented materials and wave manipulation devices, reconfigurable and tunable metamaterials at microwave, THz, and optical frequencies, homogenization of metamaterials and effective medium models, three dimensional metamaterials, planar metamaterials and meta-surfaces, active metamaterials, quantum metamaterials, antenna applications of metamaterials, metamaterials for nanoelectronics and nanophotonics and metatronics, metamaterials for sensing, biological and biomedical applications of metamaterials, novel metamaterial concepts, experimental techniques and characterization of metamaterials, and their applications to current and future systems.<br><\/p>\n\n\n\n<p>The Workshop will comprise Keynote Presentations from distinguished experts from international top institutions as well as peer-reviewed contributions. Additionally, round tables will be organized at the end of each day to stimulate the open discussion among the presenters and the attendees.<\/p>\n\n\n\n<p><\/p>\n\n\n\n<h3 class=\"wp-block-heading\">Organization<\/h3>\n\n\n\n<h5 class=\"wp-block-heading\">Chairs<\/h5>\n\n\n\n<p>Prof. Giacomo Oliveri, ELEDIA@UniTN &#8211; DISI, Italy<br>Prof. Eva Rajo-Iglesias, University Carlos III of Madrid, Spain<\/p>\n\n\n\n<h5 class=\"wp-block-heading\">Senior Advisory Board<\/h5>\n\n\n\n<p>Prof. Filiberto Bilotti, University of Roma TRE, Italy<br>Prof. Danilo Erricolo, University of Chicago, USA<br>Dr. Stefan Feuchtinger, HUAWEI Munich, Germany<br>Dr. Lorenzo Fiori, Leonardo Finmeccanica, Italy<br>Dr. John Griffin, Leonardo Finmeccanica, UK<br>Dr. Herv\u00e9 Legay, Thales Alenia Space, France<br>Dr. Renato Lombardi, HUAWEI Milan, Italy<br>Prof. Andrea Massa, ELEDIA@UniTN-DISI, Italy<br>Prof. Alessandro Toscano, University of Roma TRE, Italy<br>Dr. Mauro Varasi, Leonardo Finmeccanica, Italy<\/p>\n\n\n\n<h5 class=\"wp-block-heading\">Steering Committee<\/h5>\n\n\n\n<p>Dr. Fabrice Boust, ONERA, France<br>Dr. Jean Chazelas, Thales Group, France<br>Prof. Nader Engheta, University of Pennsylvania, USA<br>Dr. Ennio Giaccari, ELEDIA Research Center@UNITN, Italy<br>Prof. Yang Hao, Queen Mary University of London, UK<br>Prof. Stefano Maci, University of Siena, Italy<br>Prof. Robert Mailloux, ELEDIA Research Center<br>Dr. Maurizio Mattivi, HUAWEI Milan, Italy<br>Prof. Paolo Rocca, ELEDIA@UniTN &#8211; DISI, Italy<br>Prof. Sergei Tretyakov, Aalto University, Finland<br>Prof. Alain Sibille, T\u00e9l\u00e9com Paris Tech, France<br>Ing. Stefano Scaf\u00e9, Leonardo Finmeccanica, Italy<br>Prof. Douglas H. Werner, Penn State University, USA<br><\/p>\n\n\n\n<h3 class=\"wp-block-heading\">Attending the Event<\/h3>\n\n\n\n<h5 class=\"wp-block-heading\">Date<\/h5>\n\n\n\n<p>09:00 December 14, 2017 (Thursday)<br>17:00 December 15, 2017 (Friday)<br><\/p>\n\n\n\n<h5 class=\"wp-block-heading\">Venue<\/h5>\n\n\n\n<p>University of Madrid Carlos III, Campus \u201cPuerta de Toledo\u201d, Madrid, Spain<\/p>\n\n\n\n<h3 class=\"wp-block-heading\"><strong>Registration &amp; Additional Info: Visit the <a rel=\"noreferrer noopener\" href=\"http:\/\/www.2017-metamaterials-workshop.eu\/\" target=\"_blank\">Official Website<\/a><\/strong><\/h3>\n-->\r\n                 <\/div>\r\n           <\/li>\r\n                  <li class=\"lst_events_item\">\r\n               <div class=\"time-span\">\r\n                   <div class=\"post-image event-thumb-img\" style=\"\">\r\n                       <img decoding=\"async\" src=\"https:\/\/www.eledia.org\/eledia-unitn\/wp-content\/uploads\/2023\/03\/IWMD.2016-1.png\" >\r\n\t\t    <\/div>\r\n               <\/div>\r\n               <div class=\"timeline-meta\">\r\n                   <a href=\"https:\/\/www.eledia.org\/eledia-unitn\/sciencex_event\/second-international-workshop-on-metamaterials-by-design-iwmbd-2016\/\">\r\n                       <h3 class=\"staff-title\">Second International Workshop on Metamaterials-by-Design (IWMbD 2016)<\/h3>\r\n                    <\/a>\r\n                    <div class=\"__time\"><span style=\"font-weight: bold;\">Date:  <\/span> December 15, 2016<\/div>\r\n                    <div class=\"__type\"><span style=\"font-weight: bold;\">Type:  <\/span> Conferences & Workshops<\/div>\r\n                                        <div class=\"__loc\"><span>Location:  <\/span> Riva del Garda, Italy<\/div>\r\n                    <!--<p class=\"meta-text\">\n<p>The second International Workshop on Metamaterials-by-Design: Theory, Methods, and Applications to Communications and Sensing (www.2015-metamaterials-workshop.eu) will be aimed at presenting a comprehensive overview of the latest advances and emerging trends in the theory, methods, and the Communications and Sensing applications of the Material-by-Design paradigm, and it will highlight the current status and the envisaged frontiers in this research area.<br>The topics of main interest will include, but will not limited to, task-oriented materials and wave manipulation devices, reconfigurable and tunable metamaterials at microwave, THz, and optical frequencies, homogenization of metamaterials and effective medium models, three-dimensional metamaterials, planar metamaterials and meta-surfaces, active metamaterials, quantum metamaterials, antenna applications of metamaterials, metamaterials for nanoelectronics and nanophotonics and metatronics, metamaterials for sensing, biological and biomedical applications of metamaterials, novel metamaterial concepts, experimental techniques and characterization of metamaterials, and their applications to current and future Communication and Sensing systems.<br>The Workshop will comprise 6 presentations from distinguished experts from international top institutions as well as peer-reviewed contributions. Additionally, round tables will be organized at the end of each day to stimulate the open discussion among the presenters and the attendees.<\/p>\n\n\n\n<h3 class=\"wp-block-heading\">Organization<\/h3>\n\n\n\n<h4 class=\"wp-block-heading\">Chairs<\/h4>\n\n\n\n<p>Prof. Giacomo Oliveri (Chair), ELEDIA Research Center@UniTN, Italy<br>Prof. Filiberto Bilotti (Co-Chair), University of Roma TRE, Italy<br><\/p>\n\n\n\n<p><strong>Senior Advisory Board<\/strong><br>Dr. Stefan Feuchtinger, HUAWEI Munich, Germany<br>Dr. Lorenzo Fiori, AgustaWestland, Italy<br>Dr. John Griffin, Leonardo, UK<br>Dr. Herv\u00e9 Legay, Thales Alenia Space, France<br>Dr. Renato Lombardi, HUAWEI Milan, Italy<br>Prof. Andrea Massa, ELEDIA Research Center<br>Prof. Alessandro Toscano, University of Roma TRE, Italy<br>Dr. Mauro Varasi, Leonardo, Italy<br><\/p>\n\n\n\n<p><strong>Steering Committee<\/strong><br>Dr. Fabrice Boust, ONERA, France<br>Prof. Tie Jun Cui, Southeast University, China<br>Dr. Jean Chazelas, Thales Group, France<br>Prof. Nader Engheta, University of Pennsylvania, USA<br>Dr. Ennio Giaccari, ELEDIA Research Center@UNITN, Italy<br>Prof. Yang Hao, Queen Mary University of London, UK<br>Prof. Stefano Maci, University of Siena, Italy<br>Prof. Robert Mailloux, ELEDIA Research Center<br>Dr. Maurizio Mattivi, HUAWEI Milan, Italy<br>Prof. Paolo Rocca, ELEDIA Research Center@UniTN, Italy<br>Prof. Sergei Tretyakov, Aalto University, Finland<br>Prof. Alain Sibille, T\u00e9l\u00e9com Paris Tech, France<br>Ing. Stefano Scaf\u00e9, Leonardo, Italy<br>Prof. Douglas H. Werner, Penn State University, USA<\/p>\n\n\n\n<h3 class=\"wp-block-heading\">Attending the Event<\/h3>\n\n\n\n<h5 class=\"wp-block-heading\">Date<\/h5>\n\n\n\n<p>09:00 Thursday 15 December<br>18:00 Friday 16 December<\/p>\n\n\n\n<h5 class=\"wp-block-heading\">Venue<\/h5>\n\n\n\n<p>Riva del Garda Fierecongressi, Parco Lido, Riva del Garda, Italy<\/p>\n\n\n\n<h3 class=\"wp-block-heading\"><strong>Registration &amp; Additional Info: Visit the\u00a0<a href=\"https:\/\/www.2016-metamaterials-workshop.eu\/\" target=\"_blank\" rel=\"noreferrer noopener\">Official Website<\/a><\/strong><\/h3>\n-->\r\n                 <\/div>\r\n           <\/li>\r\n                  <li class=\"lst_events_item\">\r\n               <div class=\"time-span\">\r\n                   <div class=\"post-image event-thumb-img\" style=\"\">\r\n                       <img decoding=\"async\" src=\"https:\/\/www.eledia.org\/eledia-unitn\/wp-content\/uploads\/2023\/03\/IWMD.2025.png\" >\r\n\t\t    <\/div>\r\n               <\/div>\r\n               <div class=\"timeline-meta\">\r\n                   <a href=\"https:\/\/www.eledia.org\/eledia-unitn\/sciencex_event\/first-international-workshop-on-metamaterials-by-design-theory-methods-and-applications-to-communications-and-sensing\/\">\r\n                       <h3 class=\"staff-title\">First International Workshop on Metamaterials-by-Design (IWMbD 2015)<\/h3>\r\n                    <\/a>\r\n                    <div class=\"__time\"><span style=\"font-weight: bold;\">Date:  <\/span> December 03, 2015<\/div>\r\n                    <div class=\"__type\"><span style=\"font-weight: bold;\">Type:  <\/span> Conferences & Workshops<\/div>\r\n                                        <div class=\"__loc\"><span>Location:  <\/span> Paris Saclay, France<\/div>\r\n                    <!--<p class=\"meta-text\">\n<p>The objective of the International Workshop on Metamaterials-by-Design (IWMbD2015)&nbsp; is to present a comprehensive overview of the latest advances and emerging trends in the theory, methods, and the Communications and Sensing applications of the Material-by-Design paradigm, and it will highlight the current status and the envisaged frontiers in this research area.<\/p>\n\n\n\n<p>IWMbD is supported by top level world-wide associations on ICT, Metamaterials, and Electromagnetics, and is aimed at presenting a comprehensive overview of the latest advances and emerging trends in the theory, methods, and the Communications and Sensing applications of the Material-by-Design paradigm. Moreover, it will highlight the current status and the envisaged frontiers in this research area.<br>The first edition of the Workshop features 7 Keynote Presentations from distinguished experts from international top institutions as well as 23 peer-reviewed contributions. Additionally, two round tables are organized at the end of each day to stimulate the open discussion among the presenters and the attendees.<\/p>\n\n\n\n<h3 class=\"wp-block-heading\">Organization<\/h3>\n\n\n\n<h5 class=\"wp-block-heading\">General Chair<\/h5>\n\n\n\n<p>Prof. Andrea MASSA, ELEDIA@UniTN, Italy<\/p>\n\n\n\n<h5 class=\"wp-block-heading\">Steering Committee<\/h5>\n\n\n\n<p>Prof. Aziz BENLARBI-DELAI, UPMC, France <\/p>\n\n\n\n<p>Prof. Ridha BOUALLEGUE, Innov\u2019COM, Tunisia<\/p>\n\n\n\n<p>Dr. Fabrice BOUST, ONERA, France<\/p>\n\n\n\n<p>Prof. Maurizio BOZZI, University of Pavia, Italy<\/p>\n\n\n\n<p>Dr. Jean CHAZELASThales Group, France<\/p>\n\n\n\n<p>Dr. Ennio GIACCARI, ELEDIA Consultant, Italy<\/p>\n\n\n\n<p>Prof. Andr\u00e9 DE LUSTRAC, Universit\u00e9 Paris Sud, France<\/p>\n\n\n\n<p>Dr. Herv\u00e9 LEGAY, Thales Alenia Space, France<\/p>\n\n\n\n<p>Prof. Giacomo OLIVERI, University of Trento, Italy<\/p>\n\n\n\n<p>Prof. Alain SIBILLE, T\u00e9l\u00e9com Paris Tech, France<\/p>\n\n\n\n<p>Prof. Alessandro TOSCANO, University Roma TRE, Italy<\/p>\n\n\n\n<p>Dr. Mauro VARASI, Finmeccanica, Italy<\/p>\n\n\n\n<h3 class=\"wp-block-heading\">Attending the Event<\/h3>\n\n\n\n<h5 class=\"wp-block-heading\">Date<\/h5>\n\n\n\n<p>December 3-4, 2015 <\/p>\n\n\n\n<h5 class=\"wp-block-heading\">Venue<\/h5>\n\n\n\n<p>CentraleSup\u00e9lec, Paris Saclay, France<\/p>\n\n\n\n<h3 class=\"wp-block-heading\"><strong>Registration &amp; Additional Info: Visit the&nbsp;<a href=\"https:\/\/www.2015-metamaterials-workshop.eu\/download\/workshop-program\/?wpdmdl=444\" target=\"_blank\" rel=\"noreferrer noopener\">Official Website<\/a><\/strong><\/h3>\n-->\r\n                 <\/div>\r\n           <\/li>\r\n       <\/ul><\/div>\n\t\t\t\t<\/div>\n\t\t\t\t<\/div>\n\t\t\t\t\t\t<\/div>\n\t\t\t\t\t<\/div>\n\t\t<\/div>\n\t\t\t\t<div class=\"elementor-column elementor-col-33 elementor-top-column elementor-element elementor-element-9a4fcc4\" data-id=\"9a4fcc4\" data-element_type=\"column\">\n\t\t\t<div class=\"elementor-column-wrap elementor-element-populated\">\n\t\t\t\t\t\t\t<div class=\"elementor-widget-wrap\">\n\t\t\t\t\t\t<div class=\"elementor-element elementor-element-5e8b972 elementor-hidden-phone elementor-widget elementor-widget-sidebar\" data-id=\"5e8b972\" data-element_type=\"widget\" data-widget_type=\"sidebar.default\">\n\t\t\t\t<div class=\"elementor-widget-container\">\n\t\t\t<div id=\"lct-widget-event_type-container\" class=\"list-custom-taxonomy-widget\"><ul id=\"lct-widget-event_type\">\t<li class=\"cat-item cat-item-99\"><a href=\"https:\/\/www.eledia.org\/eledia-unitn\/event_type\/event-conferences\/\">Conferences &amp; Workshops<\/a>\n<\/li>\n\t<li class=\"cat-item cat-item-97\"><a href=\"https:\/\/www.eledia.org\/eledia-unitn\/event_type\/event-phdcourse\/\">PhD Courses<\/a>\n<\/li>\n\t<li class=\"cat-item cat-item-323\"><a href=\"https:\/\/www.eledia.org\/eledia-unitn\/event_type\/event-phdschool\/\">PhD Schools<\/a>\n<\/li>\n\t<li class=\"cat-item cat-item-96\"><a href=\"https:\/\/www.eledia.org\/eledia-unitn\/event_type\/event-seminar\/\">Seminars<\/a>\n<\/li>\n\t<li class=\"cat-item cat-item-98\"><a href=\"https:\/\/www.eledia.org\/eledia-unitn\/event_type\/event-special-session\/\">Special Sessions<\/a>\n<\/li>\n<\/ul><\/div>\t\t<\/div>\n\t\t\t\t<\/div>\n\t\t\t\t\t\t<\/div>\n\t\t\t\t\t<\/div>\n\t\t<\/div>\n\t\t\t\t\t\t\t\t<\/div>\n\t\t\t\t\t<\/div>\n\t\t<\/section>\n\t\t\t\t\t\t<\/div>\n\t\t\t\t\t\t<\/div>\n\t\t\t\t\t<\/div>\n\t\t","protected":false},"excerpt":{"rendered":"","protected":false},"author":1,"featured_media":206,"parent":0,"menu_order":0,"comment_status":"closed","ping_status":"closed","template":"","meta":{"footnotes":""},"class_list":["post","post-type","post-850","page","type-page","status-publish","has-post-thumbnail","hentry",""],"acf":[],"_links":{"self":[{"href":"https:\/\/www.eledia.org\/eledia-unitn\/wp-json\/wp\/v2\/pages\/850","targetHints":{"allow":["GET"]}}],"collection":[{"href":"https:\/\/www.eledia.org\/eledia-unitn\/wp-json\/wp\/v2\/pages"}],"about":[{"href":"https:\/\/www.eledia.org\/eledia-unitn\/wp-json\/wp\/v2\/types\/page"}],"author":[{"embeddable":true,"href":"https:\/\/www.eledia.org\/eledia-unitn\/wp-json\/wp\/v2\/users\/1"}],"replies":[{"embeddable":true,"href":"https:\/\/www.eledia.org\/eledia-unitn\/wp-json\/wp\/v2\/comments?post=850"}],"version-history":[{"count":3,"href":"https:\/\/www.eledia.org\/eledia-unitn\/wp-json\/wp\/v2\/pages\/850\/revisions"}],"predecessor-version":[{"id":4321,"href":"https:\/\/www.eledia.org\/eledia-unitn\/wp-json\/wp\/v2\/pages\/850\/revisions\/4321"}],"wp:featuredmedia":[{"embeddable":true,"href":"https:\/\/www.eledia.org\/eledia-unitn\/wp-json\/wp\/v2\/media\/206"}],"wp:attachment":[{"href":"https:\/\/www.eledia.org\/eledia-unitn\/wp-json\/wp\/v2\/media?parent=850"}],"curies":[{"name":"wp","href":"https:\/\/api.w.org\/{rel}","templated":true}]}}